{"id":2331,"date":"2022-09-25T09:40:14","date_gmt":"2022-09-25T07:40:14","guid":{"rendered":"https:\/\/bewadesch.com\/?page_id=2331"},"modified":"2022-09-25T17:53:51","modified_gmt":"2022-09-25T15:53:51","slug":"bewahrung-der-schoepfung","status":"publish","type":"page","link":"https:\/\/bewadesch.com\/","title":{"rendered":"Bewahrung der Sch\u00f6pfung"},"content":{"rendered":"\n<div class=\"wp-block-columns is-layout-flex wp-container-core-columns-is-layout-28f84493 wp-block-columns-is-layout-flex\">\n<div class=\"wp-block-column is-layout-flow wp-block-column-is-layout-flow\">\n<div style=\"height:35px\" aria-hidden=\"true\" class=\"wp-block-spacer\"><\/div>\n\n\n\n<h2 class=\"has-text-align-center wp-block-heading\" style=\"font-size:35px\">Pers\u00f6nlicher Blog<\/h2>\n\n\n\n<h3 class=\"has-text-align-center wp-block-heading\" style=\"font-size:22px\">Gemeinsam f\u00fcr eine lebenswerte Mutter Erde<\/h3>\n\n\n\n<div style=\"height:20px\" aria-hidden=\"true\" class=\"wp-block-spacer\"><\/div>\n\n\n\n<p>Bewahrung der Sch\u00f6pfung ist ein pers\u00f6nlicher Blog, der sich der Meinungsbildung widmet. Meine subjektiven Beitr\u00e4ge drehen sich um gegenw\u00e4rtige Themen. Diese sollen zum Nachdenken und Hinterfragen animieren. Denn wir als Kunden haben die M\u00f6glichkeit, Gro\u00dfes f\u00fcr unsere Umwelt zu bewirken. Wir m\u00fcssen nur unsere Gedanken in Worte und Taten fassen. <\/p>\n\n\n\n<div style=\"height:100px\" aria-hidden=\"true\" class=\"wp-block-spacer\"><\/div>\n\n\n\n<h2 class=\"has-text-align-left wp-block-heading\" style=\"font-size:30px\">Aktuelle Blogbeitr\u00e4ge<\/h2>\n\n\n\n<div style=\"height:15px\" aria-hidden=\"true\" class=\"wp-block-spacer\"><\/div>\n\n\n\n<div class=\"wp-block-query is-layout-flow wp-block-query-is-layout-flow\"><ul class=\"is-flex-container columns-3 wp-block-post-template is-layout-flow wp-block-post-template-is-layout-flow\"><li class=\"wp-block-post post-2816 post type-post status-publish format-standard has-post-thumbnail hentry category-allgemein category-land-und-leute category-wirtschaft tag-lobbyist tag-mercosur tag-profitgier\">\n<figure style=\"height:225px;\" class=\"wp-block-post-featured-image\"><img loading=\"lazy\" decoding=\"async\" width=\"2560\" height=\"2560\" src=\"https:\/\/bewadesch.com\/wp-content\/uploads\/2025\/12\/pexels-photo-609771-609771-scaled.jpg\" class=\"attachment-post-thumbnail size-post-thumbnail wp-post-image\" alt=\"Circle of sneakers on cobblestone pavement representing diversity and urban fashion.\" style=\"height:225px;object-fit:cover;\" srcset=\"https:\/\/bewadesch.com\/wp-content\/uploads\/2025\/12\/pexels-photo-609771-609771-scaled.jpg 2560w, https:\/\/bewadesch.com\/wp-content\/uploads\/2025\/12\/pexels-photo-609771-609771-300x300.jpg 300w, https:\/\/bewadesch.com\/wp-content\/uploads\/2025\/12\/pexels-photo-609771-609771-1024x1024.jpg 1024w, https:\/\/bewadesch.com\/wp-content\/uploads\/2025\/12\/pexels-photo-609771-609771-150x150.jpg 150w, https:\/\/bewadesch.com\/wp-content\/uploads\/2025\/12\/pexels-photo-609771-609771-768x768.jpg 768w, https:\/\/bewadesch.com\/wp-content\/uploads\/2025\/12\/pexels-photo-609771-609771-1536x1536.jpg 1536w, https:\/\/bewadesch.com\/wp-content\/uploads\/2025\/12\/pexels-photo-609771-609771-2048x2048.jpg 2048w\" sizes=\"auto, (max-width: 2560px) 100vw, 2560px\" \/><\/figure>\n\n\n<div style=\"height:20px\" aria-hidden=\"true\" class=\"wp-block-spacer\"><\/div>\n\n\n<h3 class=\"wp-block-post-title has-medium-font-size\">W\u00fcnsche und Fragen an unsere Volksvertreter<\/h3>\n\n<div class=\"wp-block-post-excerpt has-small-font-size\"><p class=\"wp-block-post-excerpt__excerpt\">Warum wird das Freihandelsabkommen Mercosur 25 Jahre lang verhandelt, ohne ein abstimmungsf\u00e4higes Ergebnis zu erzielen? Wenn man Industrieg\u00fcter (Autos etc.) zollfrei nach S\u00fcdamerika exportieren will, daf\u00fcr aber den billigen Import von Lebensmitteln (Rindfleisch, Soja) in Kauf nehmen muss, gibt es europaweit Gewinner ( Automobilwerke, Pharmaindustrie) und Verlierer (Bauern und Lebensmittelverarbeiter)! [&hellip;] <\/p><\/div>\n<\/li><li class=\"wp-block-post post-2790 post type-post status-publish format-standard hentry category-allgemein category-aufrufe category-wirtschaft tag-materialismus tag-schnaeppchen\">\n\n\n\n<div style=\"height:20px\" aria-hidden=\"true\" class=\"wp-block-spacer\"><\/div>\n\n\n<h3 class=\"wp-block-post-title has-medium-font-size\">Niedrige Beweggr\u00fcnde?!<\/h3>\n\n<div class=\"wp-block-post-excerpt has-small-font-size\"><p class=\"wp-block-post-excerpt__excerpt\">Der Sinn des Lebens besteht f\u00fcr den Gro\u00dfteil unserer Mitmenschen darin, m\u00f6glichst viel Besitz anzuh\u00e4ufen, um &#8222;besser&#8220; leben zu k\u00f6nnen als die &#8222;Anderen&#8220;. Der schlaue Spruch: &#8222;Das letzte Hemd hat keine Taschen&#8220; kommt den Erdenbewohnern oft erst sp\u00e4t in den Sinn! Oberstes Gebot in der Gegenwart ist Wirtschaftlichkeit (Macht-\/Geldgier) und [&hellip;] <\/p><\/div>\n<\/li><li class=\"wp-block-post post-2764 post type-post status-publish format-standard has-post-thumbnail hentry category-aufrufe category-lebensmittel category-wirtschaft tag-herkunft tag-zeitdruck\">\n<figure style=\"height:225px;\" class=\"wp-block-post-featured-image\"><img loading=\"lazy\" decoding=\"async\" width=\"1280\" height=\"848\" src=\"https:\/\/bewadesch.com\/wp-content\/uploads\/2025\/01\/g73826f39d55f634ae6e84bdc83634120e230ba05e29c3750c2406a216fbed9e073febbeae88b98c213e4ae02446d6d1c_1280-400811.jpg\" class=\"attachment-post-thumbnail size-post-thumbnail wp-post-image\" alt=\"pedestrians, people, busy, movement, hectic, osaka, city, japan, street, asia, crowded, crossing, walking, people, people, people, people, people\" style=\"height:225px;object-fit:cover;\" srcset=\"https:\/\/bewadesch.com\/wp-content\/uploads\/2025\/01\/g73826f39d55f634ae6e84bdc83634120e230ba05e29c3750c2406a216fbed9e073febbeae88b98c213e4ae02446d6d1c_1280-400811.jpg 1280w, https:\/\/bewadesch.com\/wp-content\/uploads\/2025\/01\/g73826f39d55f634ae6e84bdc83634120e230ba05e29c3750c2406a216fbed9e073febbeae88b98c213e4ae02446d6d1c_1280-400811-300x199.jpg 300w, https:\/\/bewadesch.com\/wp-content\/uploads\/2025\/01\/g73826f39d55f634ae6e84bdc83634120e230ba05e29c3750c2406a216fbed9e073febbeae88b98c213e4ae02446d6d1c_1280-400811-1024x678.jpg 1024w, https:\/\/bewadesch.com\/wp-content\/uploads\/2025\/01\/g73826f39d55f634ae6e84bdc83634120e230ba05e29c3750c2406a216fbed9e073febbeae88b98c213e4ae02446d6d1c_1280-400811-768x509.jpg 768w, https:\/\/bewadesch.com\/wp-content\/uploads\/2025\/01\/g73826f39d55f634ae6e84bdc83634120e230ba05e29c3750c2406a216fbed9e073febbeae88b98c213e4ae02446d6d1c_1280-400811-360x240.jpg 360w\" sizes=\"auto, (max-width: 1280px) 100vw, 1280px\" \/><\/figure>\n\n\n<div style=\"height:20px\" aria-hidden=\"true\" class=\"wp-block-spacer\"><\/div>\n\n\n<h3 class=\"wp-block-post-title has-medium-font-size\">Keine Zeit f\u00fcr Gesundheit und Umwelt!<\/h3>\n\n<div class=\"wp-block-post-excerpt has-small-font-size\"><p class=\"wp-block-post-excerpt__excerpt\">Der t\u00e4gliche Lebensmitteleinkauf \u00fcberfordert heutzutage viele KonsumentInnen. Das einzige Kaufkriterium ist der m\u00f6glichst niedrige Preis! Wir haben keine Zeit f\u00fcr genaueres &#8222;Hinsehen&#8220; auf Herkunft, Qualit\u00e4t und gesundheitliche Auswirkungen der angebotenen Produkte. Dieses Wissen n\u00fctzen Webefachleute und Marktforscher schamlos zu unseren Ungunsten aus, indem sie nur auf oberfl\u00e4chliche Reize (gro\u00dfe Schrift, [&hellip;] <\/p><\/div>\n<\/li><\/ul>\n\n<\/div>\n\n\n\n<div style=\"height:50px\" aria-hidden=\"true\" class=\"wp-block-spacer\"><\/div>\n\n\n\n<div class=\"wp-block-buttons is-content-justification-center is-layout-flex wp-container-core-buttons-is-layout-a89b3969 wp-block-buttons-is-layout-flex\">\n<div class=\"wp-block-button has-custom-font-size\" style=\"font-size:18px\"><a class=\"wp-block-button__link has-black-color has-background-color-background-color has-text-color has-background\" href=\"https:\/\/bewadesch.com\/index.php\/blog\/\" style=\"border-radius:0px\">Alle Blogbeitr\u00e4ge entdecken<\/a><\/div>\n<\/div>\n\n\n\n<div class=\"wp-block-query is-layout-flow wp-block-query-is-layout-flow\"><\/div>\n\n\n\n<div style=\"height:125px\" aria-hidden=\"true\" class=\"wp-block-spacer\"><\/div>\n<\/div>\n<\/div>\n\n\n\n<div class=\"wp-block-columns alignfull is-layout-flex wp-container-core-columns-is-layout-28f84493 wp-block-columns-is-layout-flex\">\n<div class=\"wp-block-column has-accent-background-color has-background is-layout-flow wp-block-column-is-layout-flow\" style=\"flex-basis:100vw\" id=\"personal\">\n<div class=\"wp-block-columns is-layout-flex wp-container-core-columns-is-layout-28f84493 wp-block-columns-is-layout-flex\">\n<div class=\"wp-block-column is-layout-flow wp-block-column-is-layout-flow\">\n<div style=\"height:38px\" aria-hidden=\"true\" class=\"wp-block-spacer\"><\/div>\n\n\n\n<div class=\"wp-block-media-text alignwide has-media-on-the-right is-stacked-on-mobile\"><figure class=\"wp-block-media-text__media\"><img loading=\"lazy\" decoding=\"async\" width=\"1024\" height=\"682\" src=\"https:\/\/bewadesch.com\/wp-content\/uploads\/2022\/09\/bewadesch-portrait-6-1024x682.jpg\" alt=\"\" class=\"wp-image-2528 size-full\" srcset=\"https:\/\/bewadesch.com\/wp-content\/uploads\/2022\/09\/bewadesch-portrait-6-1024x682.jpg 1024w, https:\/\/bewadesch.com\/wp-content\/uploads\/2022\/09\/bewadesch-portrait-6-300x200.jpg 300w, https:\/\/bewadesch.com\/wp-content\/uploads\/2022\/09\/bewadesch-portrait-6-768x512.jpg 768w, https:\/\/bewadesch.com\/wp-content\/uploads\/2022\/09\/bewadesch-portrait-6-1536x1024.jpg 1536w, https:\/\/bewadesch.com\/wp-content\/uploads\/2022\/09\/bewadesch-portrait-6-2048x1365.jpg 2048w, https:\/\/bewadesch.com\/wp-content\/uploads\/2022\/09\/bewadesch-portrait-6-360x240.jpg 360w\" sizes=\"auto, (max-width: 1024px) 100vw, 1024px\" \/><\/figure><div class=\"wp-block-media-text__content\">\n<h2 class=\"has-white-color has-text-color wp-block-heading\">\u00dcber mich<\/h2>\n\n\n\n<p class=\"has-white-color has-text-color\">Mein Name ist Thomas Plankensteiner. Ich freue mich, Sie auf meinem Blog begr\u00fc\u00dfen zu d\u00fcrfen. <\/p>\n\n\n\n<p class=\"has-white-color has-text-color\">Als Sohn einer Bergbauernfamilie wurde mir schon sehr fr\u00fch gezeigt, wie man unsere Natur sch\u00e4tzt und wahrt. Im Zuge meiner Arbeit als Koch und Gro\u00dfhandelsangestellter durfte ich die unterschiedlichen Zug\u00e4nge zu Lebensmitteln entdecken. Somit stie\u00df ich auf Situationen, die mich oft zum Nachdenken bewegt haben.&nbsp;Darum habe ich meine Gedanken in Worte gefasst und diesen Blog ins Leben gerufen.<\/p>\n\n\n\n<div class=\"wp-block-buttons is-content-justification-right is-layout-flex wp-container-core-buttons-is-layout-d445cf74 wp-block-buttons-is-layout-flex\">\n<div class=\"wp-block-button has-custom-font-size\" style=\"font-size:15px\"><a class=\"wp-block-button__link has-black-color has-white-background-color has-text-color has-background\" href=\"https:\/\/bewadesch.com\/index.php\/2021\/03\/15\/persoenlicher-hintergrund\/\" style=\"border-radius:0px\">Mehr erfahren<\/a><\/div>\n<\/div>\n<\/div><\/div>\n<\/div>\n<\/div>\n<\/div>\n<\/div>\n\n\n\n<div style=\"height:85px\" aria-hidden=\"true\" class=\"wp-block-spacer\"><\/div>\n\n\n\n<h2 class=\"has-text-align-left wp-block-heading\" style=\"font-size:30px\">Beitragskategorien<\/h2>\n\n\n\n<div style=\"height:15px\" aria-hidden=\"true\" class=\"wp-block-spacer\"><\/div>\n\n\n\n<p><\/p>\n\n\n\n<div class=\"wp-block-columns is-layout-flex wp-container-core-columns-is-layout-28f84493 wp-block-columns-is-layout-flex\">\n<div class=\"wp-block-column is-layout-flow wp-block-column-is-layout-flow\">\n<figure class=\"wp-block-image size-large\"><a href=\"https:\/\/bewadesch.com\/index.php\/category\/lebensmittel\/\"><img loading=\"lazy\" decoding=\"async\" width=\"1024\" height=\"682\" src=\"https:\/\/bewadesch.com\/wp-content\/uploads\/2022\/01\/fruits-citrus-organic-6786607-1024x682.jpg\" alt=\"fruits, citrus, organic-6786607.jpg\" class=\"wp-image-2094\" srcset=\"https:\/\/bewadesch.com\/wp-content\/uploads\/2022\/01\/fruits-citrus-organic-6786607-1024x682.jpg 1024w, https:\/\/bewadesch.com\/wp-content\/uploads\/2022\/01\/fruits-citrus-organic-6786607-300x200.jpg 300w, https:\/\/bewadesch.com\/wp-content\/uploads\/2022\/01\/fruits-citrus-organic-6786607-768x512.jpg 768w, https:\/\/bewadesch.com\/wp-content\/uploads\/2022\/01\/fruits-citrus-organic-6786607-360x240.jpg 360w, https:\/\/bewadesch.com\/wp-content\/uploads\/2022\/01\/fruits-citrus-organic-6786607.jpg 1280w\" sizes=\"auto, (max-width: 1024px) 100vw, 1024px\" \/><\/a><figcaption><a href=\"https:\/\/bewadesch.com\/index.php\/category\/lebensmittel\/\">Lebensmittel<\/a><\/figcaption><\/figure>\n<\/div>\n\n\n\n<div class=\"wp-block-column is-layout-flow wp-block-column-is-layout-flow\">\n<figure class=\"wp-block-image size-large\"><a href=\"https:\/\/bewadesch.com\/index.php\/category\/land-und-leute\/\"><img loading=\"lazy\" decoding=\"async\" width=\"1024\" height=\"682\" src=\"https:\/\/bewadesch.com\/wp-content\/uploads\/2021\/08\/harvest-stubble-fields-6554116-1024x682.jpg\" alt=\"harvest, stubble, fields-6554116.jpg\" class=\"wp-image-1842\" srcset=\"https:\/\/bewadesch.com\/wp-content\/uploads\/2021\/08\/harvest-stubble-fields-6554116-1024x682.jpg 1024w, https:\/\/bewadesch.com\/wp-content\/uploads\/2021\/08\/harvest-stubble-fields-6554116-300x200.jpg 300w, https:\/\/bewadesch.com\/wp-content\/uploads\/2021\/08\/harvest-stubble-fields-6554116-768x512.jpg 768w, https:\/\/bewadesch.com\/wp-content\/uploads\/2021\/08\/harvest-stubble-fields-6554116-360x240.jpg 360w, https:\/\/bewadesch.com\/wp-content\/uploads\/2021\/08\/harvest-stubble-fields-6554116.jpg 1280w\" sizes=\"auto, (max-width: 1024px) 100vw, 1024px\" \/><\/a><figcaption><a href=\"https:\/\/bewadesch.com\/index.php\/category\/land-und-leute\/\" title=\"Kategorie Land und Leute\">Land und Leute<\/a><\/figcaption><\/figure>\n<\/div>\n\n\n\n<div class=\"wp-block-column is-layout-flow wp-block-column-is-layout-flow\">\n<figure class=\"wp-block-image size-large\"><a href=\"https:\/\/bewadesch.com\/index.php\/category\/tourismus\/\"><img loading=\"lazy\" decoding=\"async\" width=\"1024\" height=\"682\" src=\"https:\/\/bewadesch.com\/wp-content\/uploads\/2021\/05\/landscape-mountain-forest-6253659-1024x682.jpg\" alt=\"landscape, mountain, forest\" class=\"wp-image-1727\" srcset=\"https:\/\/bewadesch.com\/wp-content\/uploads\/2021\/05\/landscape-mountain-forest-6253659-1024x682.jpg 1024w, https:\/\/bewadesch.com\/wp-content\/uploads\/2021\/05\/landscape-mountain-forest-6253659-300x200.jpg 300w, https:\/\/bewadesch.com\/wp-content\/uploads\/2021\/05\/landscape-mountain-forest-6253659-768x512.jpg 768w, https:\/\/bewadesch.com\/wp-content\/uploads\/2021\/05\/landscape-mountain-forest-6253659-360x240.jpg 360w, https:\/\/bewadesch.com\/wp-content\/uploads\/2021\/05\/landscape-mountain-forest-6253659.jpg 1280w\" sizes=\"auto, (max-width: 1024px) 100vw, 1024px\" \/><\/a><figcaption><a href=\"https:\/\/bewadesch.com\/index.php\/category\/tourismus\/\" title=\"Kategorie Tourismus\">Tourismus<\/a><\/figcaption><\/figure>\n<\/div>\n<\/div>\n\n\n\n<div class=\"wp-block-columns is-layout-flex wp-container-core-columns-is-layout-28f84493 wp-block-columns-is-layout-flex\">\n<div class=\"wp-block-column is-layout-flow wp-block-column-is-layout-flow\">\n<figure class=\"wp-block-image size-large\"><a href=\"https:\/\/bewadesch.com\/index.php\/category\/umweltschutz\/\"><img loading=\"lazy\" decoding=\"async\" width=\"1024\" height=\"682\" src=\"https:\/\/bewadesch.com\/wp-content\/uploads\/2021\/08\/echinops-globe-thistle-flower-6532610-1024x682.jpg\" alt=\"echinops, globe thistle, flower-6532610.jpg\" class=\"wp-image-1838\" srcset=\"https:\/\/bewadesch.com\/wp-content\/uploads\/2021\/08\/echinops-globe-thistle-flower-6532610-1024x682.jpg 1024w, https:\/\/bewadesch.com\/wp-content\/uploads\/2021\/08\/echinops-globe-thistle-flower-6532610-300x200.jpg 300w, https:\/\/bewadesch.com\/wp-content\/uploads\/2021\/08\/echinops-globe-thistle-flower-6532610-768x512.jpg 768w, https:\/\/bewadesch.com\/wp-content\/uploads\/2021\/08\/echinops-globe-thistle-flower-6532610-360x240.jpg 360w, https:\/\/bewadesch.com\/wp-content\/uploads\/2021\/08\/echinops-globe-thistle-flower-6532610.jpg 1280w\" sizes=\"auto, (max-width: 1024px) 100vw, 1024px\" \/><\/a><figcaption><a href=\"https:\/\/bewadesch.com\/index.php\/category\/umweltschutz\/\" title=\"\">Umweltschutz<\/a><\/figcaption><\/figure>\n<\/div>\n\n\n\n<div class=\"wp-block-column is-layout-flow wp-block-column-is-layout-flow\">\n<figure class=\"wp-block-image size-large\"><a href=\"https:\/\/bewadesch.com\/index.php\/category\/wirtschaft\/\"><img loading=\"lazy\" decoding=\"async\" width=\"1024\" height=\"682\" src=\"https:\/\/bewadesch.com\/wp-content\/uploads\/2021\/10\/airplane-city-building-6674689-1024x682.jpg\" alt=\"airplane, city, building-6674689.jpg\" class=\"wp-image-2019\" srcset=\"https:\/\/bewadesch.com\/wp-content\/uploads\/2021\/10\/airplane-city-building-6674689-1024x682.jpg 1024w, https:\/\/bewadesch.com\/wp-content\/uploads\/2021\/10\/airplane-city-building-6674689-300x200.jpg 300w, https:\/\/bewadesch.com\/wp-content\/uploads\/2021\/10\/airplane-city-building-6674689-768x512.jpg 768w, https:\/\/bewadesch.com\/wp-content\/uploads\/2021\/10\/airplane-city-building-6674689-360x240.jpg 360w, https:\/\/bewadesch.com\/wp-content\/uploads\/2021\/10\/airplane-city-building-6674689.jpg 1280w\" sizes=\"auto, (max-width: 1024px) 100vw, 1024px\" \/><\/a><figcaption><a href=\"https:\/\/bewadesch.com\/index.php\/category\/wirtschaft\/\" title=\"Kategorie Wirtschaft\">Wirtschaft<\/a><\/figcaption><\/figure>\n<\/div>\n\n\n\n<div class=\"wp-block-column is-layout-flow wp-block-column-is-layout-flow\">\n<figure class=\"wp-block-image size-large\"><a href=\"https:\/\/bewadesch.com\/index.php\/category\/aufrufe\/\"><img loading=\"lazy\" decoding=\"async\" width=\"1024\" height=\"684\" src=\"https:\/\/bewadesch.com\/wp-content\/uploads\/2022\/04\/squirrel-animal-rodent-7129453-1024x684.jpg\" alt=\"squirrel, animal, rodent-7129453.jpg\" class=\"wp-image-2140\" srcset=\"https:\/\/bewadesch.com\/wp-content\/uploads\/2022\/04\/squirrel-animal-rodent-7129453-1024x684.jpg 1024w, https:\/\/bewadesch.com\/wp-content\/uploads\/2022\/04\/squirrel-animal-rodent-7129453-300x200.jpg 300w, https:\/\/bewadesch.com\/wp-content\/uploads\/2022\/04\/squirrel-animal-rodent-7129453-768x513.jpg 768w, https:\/\/bewadesch.com\/wp-content\/uploads\/2022\/04\/squirrel-animal-rodent-7129453-360x240.jpg 360w, https:\/\/bewadesch.com\/wp-content\/uploads\/2022\/04\/squirrel-animal-rodent-7129453.jpg 1280w\" sizes=\"auto, (max-width: 1024px) 100vw, 1024px\" \/><\/a><figcaption><a href=\"https:\/\/bewadesch.com\/index.php\/category\/aufrufe\/\" title=\"\">Aufrufe<\/a><\/figcaption><\/figure>\n<\/div>\n<\/div>\n\n\n\n<div style=\"height:35px\" aria-hidden=\"true\" class=\"wp-block-spacer\"><\/div>\n\n\n\n<hr class=\"wp-block-separator has-text-color has-accent-color has-alpha-channel-opacity has-accent-background-color has-background is-style-default\"\/>\n\n\n\n<div style=\"height:100px\" aria-hidden=\"true\" class=\"wp-block-spacer\"><\/div>\n\n\n\n<div class=\"wp-block-media-text is-stacked-on-mobile has-black-color has-white-background-color has-text-color has-background\"><figure class=\"wp-block-media-text__media\"><img loading=\"lazy\" decoding=\"async\" width=\"1024\" height=\"686\" src=\"https:\/\/bewadesch.com\/wp-content\/uploads\/2021\/03\/goose-water-bird-waterfowl-6128054-1024x686.jpg\" alt=\"goose, water bird, waterfowl\" class=\"wp-image-1596 size-full\" srcset=\"https:\/\/bewadesch.com\/wp-content\/uploads\/2021\/03\/goose-water-bird-waterfowl-6128054-1024x686.jpg 1024w, https:\/\/bewadesch.com\/wp-content\/uploads\/2021\/03\/goose-water-bird-waterfowl-6128054-300x201.jpg 300w, https:\/\/bewadesch.com\/wp-content\/uploads\/2021\/03\/goose-water-bird-waterfowl-6128054-768x515.jpg 768w, https:\/\/bewadesch.com\/wp-content\/uploads\/2021\/03\/goose-water-bird-waterfowl-6128054-360x240.jpg 360w, https:\/\/bewadesch.com\/wp-content\/uploads\/2021\/03\/goose-water-bird-waterfowl-6128054.jpg 1280w\" sizes=\"auto, (max-width: 1024px) 100vw, 1024px\" \/><\/figure><div class=\"wp-block-media-text__content\">\n<h3 class=\"has-black-color has-text-color wp-block-heading\" style=\"font-size:30px\">Kontakt aufnehmen<\/h3>\n\n\n\n<p class=\"has-black-color has-text-color\">Gemeinsam k\u00f6nnen wir viel bewegen. Teilen Sie Ihre Gedanken und Meinungen mit mir oder melden Sie sich f\u00fcr meinen Newsletter an. Ich freue mich von Ihnen zu h\u00f6ren, denn nur gemeinsam schaffen wir es, Mutter Erde lebenswert zu erhalten. <\/p>\n\n\n\n<div style=\"height:50px\" aria-hidden=\"true\" class=\"wp-block-spacer\"><\/div>\n\n\n\n<div class=\"wp-block-buttons is-content-justification-right is-layout-flex wp-container-core-buttons-is-layout-d445cf74 wp-block-buttons-is-layout-flex\">\n<div class=\"wp-block-button has-custom-font-size is-style-fill\" style=\"font-size:15px\"><a class=\"wp-block-button__link has-white-color has-accent-background-color has-text-color has-background\" href=\"https:\/\/bewadesch.com\/index.php\/newsletter\/\" style=\"border-radius:0px\">Kontakt aufnehmen<\/a><\/div>\n<\/div>\n<\/div><\/div>\n\n\n\n<div style=\"height:150px\" aria-hidden=\"true\" class=\"wp-block-spacer\"><\/div>\n\n\n\n<div style=\"height:0px\" aria-hidden=\"true\" class=\"wp-block-spacer\"><\/div>\n","protected":false},"excerpt":{"rendered":"<p>Pers\u00f6nlicher Blog Gemeinsam f\u00fcr eine lebenswerte Mutter Erde Bewahrung der Sch\u00f6pfung ist ein pers\u00f6nlicher Blog, der sich der Meinungsbildung widmet. Meine subjektiven Beitr\u00e4ge drehen sich um gegenw\u00e4rtige Themen. Diese sollen zum Nachdenken und Hinterfragen animieren. Denn wir als Kunden haben die M\u00f6glichkeit, Gro\u00dfes f\u00fcr unsere Umwelt zu bewirken. Wir m\u00fcssen [&hellip;]<\/p>\n","protected":false},"author":1,"featured_media":1344,"parent":0,"menu_order":0,"comment_status":"closed","ping_status":"closed","template":"page-templates\/template-fullwidth.php","meta":{"ngg_post_thumbnail":0,"footnotes":""},"class_list":["post-2331","page","type-page","status-publish","has-post-thumbnail","hentry"],"aioseo_notices":[],"_links":{"self":[{"href":"https:\/\/bewadesch.com\/index.php\/wp-json\/wp\/v2\/pages\/2331","targetHints":{"allow":["GET"]}}],"collection":[{"href":"https:\/\/bewadesch.com\/index.php\/wp-json\/wp\/v2\/pages"}],"about":[{"href":"https:\/\/bewadesch.com\/index.php\/wp-json\/wp\/v2\/types\/page"}],"author":[{"embeddable":true,"href":"https:\/\/bewadesch.com\/index.php\/wp-json\/wp\/v2\/users\/1"}],"replies":[{"embeddable":true,"href":"https:\/\/bewadesch.com\/index.php\/wp-json\/wp\/v2\/comments?post=2331"}],"version-history":[{"count":166,"href":"https:\/\/bewadesch.com\/index.php\/wp-json\/wp\/v2\/pages\/2331\/revisions"}],"predecessor-version":[{"id":2535,"href":"https:\/\/bewadesch.com\/index.php\/wp-json\/wp\/v2\/pages\/2331\/revisions\/2535"}],"wp:featuredmedia":[{"embeddable":true,"href":"https:\/\/bewadesch.com\/index.php\/wp-json\/wp\/v2\/media\/1344"}],"wp:attachment":[{"href":"https:\/\/bewadesch.com\/index.php\/wp-json\/wp\/v2\/media?parent=2331"}],"curies":[{"name":"wp","href":"https:\/\/api.w.org\/{rel}","templated":true}]}}