{"id":1357,"date":"2021-02-27T16:38:49","date_gmt":"2021-02-27T16:38:49","guid":{"rendered":"https:\/\/bewadesch.com\/?page_id=1357"},"modified":"2022-09-12T19:14:41","modified_gmt":"2022-09-12T17:14:41","slug":"kontakt","status":"publish","type":"page","link":"https:\/\/bewadesch.com\/index.php\/kontakt\/","title":{"rendered":"Impressum"},"content":{"rendered":"\n<p><\/p>\n\n\n\n<p><strong>F\u00fcr den Inhalt dieser Website verantwortlich:<\/strong><\/p>\n\n\n\n<p>Thomas Plankensteiner<\/p>\n\n\n\n<p>Am Windbach 2<\/p>\n\n\n\n<p>A-6305 Itter<\/p>\n\n\n\n<p><a href=\"mailto:plankensteinerth@bewadesch.com\">plankensteinerth@bewadesch.com<\/a><\/p>\n\n\n\n<p><\/p>\n\n\n\n<p><strong>Bildnachweis<\/strong>: Thomas Plankensteiner,<a href=\"https:\/\/pixabay.com\/de\/\"> pixabay <\/a><\/p>\n\n\n\n<p><\/p>\n\n\n\n<p><strong>Hinweis:<\/strong><br>Die Website <a href=\"http:\/\/bewadesch.com\">bewadesch.com<\/a>&nbsp;soll \u00fcber Dinge informieren, die f\u00fcr eine breitere \u00d6ffentlichkeit von Interesse sind. F\u00fcr die Richtigkeit und Vollst\u00e4ndigkeit der auf der Website angebotenen Informationen wird daher keine Haftung \u00fcbernommen. F\u00fcr den Inhalt anderer Websites, auf welche verwiesen wird, wird und kann seitens&nbsp;<a href=\"https:\/\/bewadesch.com\/\">bewadesch.com<\/a> keine Verantwortung \u00fcbernommen werden.<\/p>\n\n\n\n<p>Die auf dieser Website publizierten Inhalte sind urheberrechtlich gesch\u00fctzt. Alle Rechte bleiben vorbehalten. Bei kommerzieller Nutzung bedarf es einer Genehmigung.<\/p>\n\n\n\n<p>Aus Gr\u00fcnden der Lesbarkeit wird in den Artikeln die m\u00e4nnliche Form gew\u00e4hlt. Ich m\u00f6chte darauf hinweisen, dass dennoch alle Geschlechtsformen mit dieser Ausdrucksweise angesprochen werden.<\/p>\n\n\n\n<div style=\"height:100px\" aria-hidden=\"true\" class=\"wp-block-spacer\"><\/div>\n\n\n\n<p><\/p>\n\n\n\n<p><\/p>\n","protected":false},"excerpt":{"rendered":"<p>F\u00fcr den Inhalt dieser Website verantwortlich: Thomas Plankensteiner Am Windbach 2 A-6305 Itter plankensteinerth@bewadesch.com Bildnachweis: Thomas Plankensteiner, pixabay Hinweis:Die Website bewadesch.com&nbsp;soll \u00fcber Dinge informieren, die f\u00fcr eine breitere \u00d6ffentlichkeit von Interesse sind. F\u00fcr die Richtigkeit und Vollst\u00e4ndigkeit der auf der Website angebotenen Informationen wird daher keine Haftung \u00fcbernommen. F\u00fcr den [&hellip;]<\/p>\n","protected":false},"author":1,"featured_media":0,"parent":0,"menu_order":0,"comment_status":"closed","ping_status":"closed","template":"","meta":{"ngg_post_thumbnail":0,"footnotes":""},"class_list":["post-1357","page","type-page","status-publish","hentry"],"aioseo_notices":[],"_links":{"self":[{"href":"https:\/\/bewadesch.com\/index.php\/wp-json\/wp\/v2\/pages\/1357","targetHints":{"allow":["GET"]}}],"collection":[{"href":"https:\/\/bewadesch.com\/index.php\/wp-json\/wp\/v2\/pages"}],"about":[{"href":"https:\/\/bewadesch.com\/index.php\/wp-json\/wp\/v2\/types\/page"}],"author":[{"embeddable":true,"href":"https:\/\/bewadesch.com\/index.php\/wp-json\/wp\/v2\/users\/1"}],"replies":[{"embeddable":true,"href":"https:\/\/bewadesch.com\/index.php\/wp-json\/wp\/v2\/comments?post=1357"}],"version-history":[{"count":11,"href":"https:\/\/bewadesch.com\/index.php\/wp-json\/wp\/v2\/pages\/1357\/revisions"}],"predecessor-version":[{"id":2330,"href":"https:\/\/bewadesch.com\/index.php\/wp-json\/wp\/v2\/pages\/1357\/revisions\/2330"}],"wp:attachment":[{"href":"https:\/\/bewadesch.com\/index.php\/wp-json\/wp\/v2\/media?parent=1357"}],"curies":[{"name":"wp","href":"https:\/\/api.w.org\/{rel}","templated":true}]}}